{"id":24,"date":"2025-10-29T17:53:03","date_gmt":"2025-10-29T17:53:03","guid":{"rendered":"https:\/\/lith.taskurahalla.com\/?page_id=24"},"modified":"2026-01-19T19:33:00","modified_gmt":"2026-01-19T19:33:00","slug":"etusivu","status":"publish","type":"page","link":"https:\/\/psykoterapialithovius.fi\/","title":{"rendered":"Etusivu"},"content":{"rendered":"\t\t<div data-elementor-type=\"wp-page\" data-elementor-id=\"24\" class=\"elementor elementor-24\">\n\t\t\t\t<div class=\"elementor-element elementor-element-3f36927 e-flex e-con-boxed e-con e-parent\" data-id=\"3f36927\" data-element_type=\"container\" data-settings=\"{&quot;background_background&quot;:&quot;classic&quot;}\">\n\t\t\t\t\t<div class=\"e-con-inner\">\n\t\t\t\t<div class=\"elementor-element elementor-element-63ecfad elementor-widget elementor-widget-heading\" data-id=\"63ecfad\" data-element_type=\"widget\" data-widget_type=\"heading.default\">\n\t\t\t\t\t<h1 class=\"elementor-heading-title elementor-size-default\">Psykoterapeutti<\/h1>\t\t\t\t<\/div>\n\t\t\t\t<div class=\"elementor-element elementor-element-afb4120 elementor-widget elementor-widget-heading\" data-id=\"afb4120\" data-element_type=\"widget\" data-widget_type=\"heading.default\">\n\t\t\t\t\t<h1 class=\"elementor-heading-title elementor-size-default\">Paula Lithovius<\/h1>\t\t\t\t<\/div>\n\t\t\t\t\t<\/div>\n\t\t\t\t<\/div>\n\t\t<div class=\"elementor-element elementor-element-1c40b76 e-con-full elementor-hidden-desktop e-flex e-con e-parent\" data-id=\"1c40b76\" data-element_type=\"container\" data-settings=\"{&quot;background_background&quot;:&quot;gradient&quot;}\">\n\t\t<div class=\"elementor-element elementor-element-9e5987d e-con-full e-flex e-con e-child\" data-id=\"9e5987d\" data-element_type=\"container\">\n\t\t\t\t<div class=\"elementor-element elementor-element-50ef08e elementor-widget elementor-widget-image\" data-id=\"50ef08e\" data-element_type=\"widget\" data-widget_type=\"image.default\">\n\t\t\t\t\t\t\t\t\t\t\t\t\t\t\t<img fetchpriority=\"high\" decoding=\"async\" width=\"800\" height=\"776\" src=\"https:\/\/psykoterapialithovius.fi\/wp-content\/uploads\/2025\/11\/2d7ac023-0de3-488f-b389-49c1606877d1.png\" class=\"attachment-large size-large wp-image-274\" alt=\"\" srcset=\"https:\/\/psykoterapialithovius.fi\/wp-content\/uploads\/2025\/11\/2d7ac023-0de3-488f-b389-49c1606877d1.png 1536w, https:\/\/psykoterapialithovius.fi\/wp-content\/uploads\/2025\/11\/2d7ac023-0de3-488f-b389-49c1606877d1-300x291.png 300w\" sizes=\"(max-width: 800px) 100vw, 800px\" \/>\t\t\t\t\t\t\t\t\t\t\t\t\t\t\t<\/div>\n\t\t\t\t<\/div>\n\t\t\t\t<\/div>\n\t\t<div class=\"elementor-element elementor-element-6823ce3 e-con-full elementor-hidden-tablet elementor-hidden-mobile e-flex e-con e-parent\" data-id=\"6823ce3\" data-element_type=\"container\" data-settings=\"{&quot;background_background&quot;:&quot;gradient&quot;}\">\n\t\t<div class=\"elementor-element elementor-element-41d4849 e-con-full e-flex e-con e-child\" data-id=\"41d4849\" data-element_type=\"container\">\n\t\t<div class=\"elementor-element elementor-element-78790e2 e-con-full e-flex e-con e-child\" data-id=\"78790e2\" data-element_type=\"container\">\n\t\t\t\t<div class=\"elementor-element elementor-element-1afad62 elementor-widget elementor-widget-heading\" data-id=\"1afad62\" data-element_type=\"widget\" data-widget_type=\"heading.default\">\n\t\t\t\t\t<h1 class=\"elementor-heading-title elementor-size-default\">Psykoterapia<\/h1>\t\t\t\t<\/div>\n\t\t\t\t<div class=\"elementor-element elementor-element-ccb677f elementor-widget elementor-widget-heading\" data-id=\"ccb677f\" data-element_type=\"widget\" data-widget_type=\"heading.default\">\n\t\t\t\t\t<h2 class=\"elementor-heading-title elementor-size-default\">Psykoterapeutti Paula Lithovius<\/h2>\t\t\t\t<\/div>\n\t\t\t\t<\/div>\n\t\t<div class=\"elementor-element elementor-element-eb960ed e-con-full e-flex e-con e-child\" data-id=\"eb960ed\" data-element_type=\"container\">\n\t\t\t\t<div class=\"elementor-element elementor-element-d2e4f0e elementor-widget elementor-widget-button\" data-id=\"d2e4f0e\" data-element_type=\"widget\" data-widget_type=\"button.default\">\n\t\t\t\t\t\t\t\t\t\t<a class=\"elementor-button elementor-button-link elementor-size-sm elementor-animation-grow\" href=\"#yhteydenotto\">\n\t\t\t\t\t\t<span class=\"elementor-button-content-wrapper\">\n\t\t\t\t\t\t\t\t\t<span class=\"elementor-button-text\">Vapaa psykoterapiapaikka<\/span>\n\t\t\t\t\t<\/span>\n\t\t\t\t\t<\/a>\n\t\t\t\t\t\t\t\t<\/div>\n\t\t\t\t<div class=\"elementor-element elementor-element-f515dc6 elementor-widget elementor-widget-button\" data-id=\"f515dc6\" data-element_type=\"widget\" data-widget_type=\"button.default\">\n\t\t\t\t\t\t\t\t\t\t<a class=\"elementor-button elementor-button-link elementor-size-sm elementor-animation-grow\" href=\"#yhteydenotto\">\n\t\t\t\t\t\t<span class=\"elementor-button-content-wrapper\">\n\t\t\t\t\t\t\t\t\t<span class=\"elementor-button-text\">Vapaa psykoanalyysipaikka (koulutushoito), kysy lis\u00e4\u00e4!<\/span>\n\t\t\t\t\t<\/span>\n\t\t\t\t\t<\/a>\n\t\t\t\t\t\t\t\t<\/div>\n\t\t\t\t<div class=\"elementor-element elementor-element-1c595ab elementor-widget elementor-widget-button\" data-id=\"1c595ab\" data-element_type=\"widget\" data-widget_type=\"button.default\">\n\t\t\t\t\t\t\t\t\t\t<a class=\"elementor-button elementor-button-link elementor-size-sm elementor-animation-grow\" href=\"#yhteydenotto\">\n\t\t\t\t\t\t<span class=\"elementor-button-content-wrapper\">\n\t\t\t\t\t\t\t\t\t<span class=\"elementor-button-text\">Etsitk\u00f6 ty\u00f6nohjaajaa? -kysy lis\u00e4\u00e4!<\/span>\n\t\t\t\t\t<\/span>\n\t\t\t\t\t<\/a>\n\t\t\t\t\t\t\t\t<\/div>\n\t\t\t\t<\/div>\n\t\t\t\t<\/div>\n\t\t<div class=\"elementor-element elementor-element-7f6d31d e-con-full e-flex e-con e-child\" data-id=\"7f6d31d\" data-element_type=\"container\">\n\t\t\t\t<div class=\"elementor-element elementor-element-7a2693b elementor-widget elementor-widget-image\" data-id=\"7a2693b\" data-element_type=\"widget\" data-widget_type=\"image.default\">\n\t\t\t\t\t\t\t\t\t\t\t\t\t\t\t<img fetchpriority=\"high\" decoding=\"async\" width=\"800\" height=\"776\" src=\"https:\/\/psykoterapialithovius.fi\/wp-content\/uploads\/2025\/11\/2d7ac023-0de3-488f-b389-49c1606877d1.png\" class=\"attachment-large size-large wp-image-274\" alt=\"\" srcset=\"https:\/\/psykoterapialithovius.fi\/wp-content\/uploads\/2025\/11\/2d7ac023-0de3-488f-b389-49c1606877d1.png 1536w, https:\/\/psykoterapialithovius.fi\/wp-content\/uploads\/2025\/11\/2d7ac023-0de3-488f-b389-49c1606877d1-300x291.png 300w\" sizes=\"(max-width: 800px) 100vw, 800px\" \/>\t\t\t\t\t\t\t\t\t\t\t\t\t\t\t<\/div>\n\t\t\t\t<\/div>\n\t\t\t\t<\/div>\n\t\t<div class=\"elementor-element elementor-element-e434109 elementor-hidden-desktop e-flex e-con-boxed e-con e-parent\" data-id=\"e434109\" data-element_type=\"container\">\n\t\t\t\t\t<div class=\"e-con-inner\">\n\t\t<div class=\"elementor-element elementor-element-346582b e-con-full e-flex e-con e-child\" data-id=\"346582b\" data-element_type=\"container\">\n\t\t<div class=\"elementor-element elementor-element-2a330d8 e-con-full e-flex e-con e-child\" data-id=\"2a330d8\" data-element_type=\"container\">\n\t\t\t\t<div class=\"elementor-element elementor-element-189d5a0 elementor-widget elementor-widget-heading\" data-id=\"189d5a0\" data-element_type=\"widget\" data-widget_type=\"heading.default\">\n\t\t\t\t\t<h1 class=\"elementor-heading-title elementor-size-default\">Psykoterapia<\/h1>\t\t\t\t<\/div>\n\t\t\t\t<div class=\"elementor-element elementor-element-66e09ea elementor-widget elementor-widget-heading\" data-id=\"66e09ea\" data-element_type=\"widget\" data-widget_type=\"heading.default\">\n\t\t\t\t\t<h2 class=\"elementor-heading-title elementor-size-default\">Psykoterapeutti Paula Lithovius<\/h2>\t\t\t\t<\/div>\n\t\t\t\t<\/div>\n\t\t<div class=\"elementor-element elementor-element-2a2842a e-con-full e-flex e-con e-child\" data-id=\"2a2842a\" data-element_type=\"container\">\n\t\t\t\t<div class=\"elementor-element elementor-element-2707c0d elementor-widget elementor-widget-button\" data-id=\"2707c0d\" data-element_type=\"widget\" data-widget_type=\"button.default\">\n\t\t\t\t\t\t\t\t\t\t<a class=\"elementor-button elementor-button-link elementor-size-sm elementor-animation-grow\" href=\"#yhteydenotto\">\n\t\t\t\t\t\t<span class=\"elementor-button-content-wrapper\">\n\t\t\t\t\t\t\t\t\t<span class=\"elementor-button-text\">Vapaa psykoterapiapaikka<\/span>\n\t\t\t\t\t<\/span>\n\t\t\t\t\t<\/a>\n\t\t\t\t\t\t\t\t<\/div>\n\t\t\t\t<div class=\"elementor-element elementor-element-9fc0472 elementor-widget elementor-widget-button\" data-id=\"9fc0472\" data-element_type=\"widget\" data-widget_type=\"button.default\">\n\t\t\t\t\t\t\t\t\t\t<a class=\"elementor-button elementor-button-link elementor-size-sm elementor-animation-grow\" href=\"#yhteydenotto\">\n\t\t\t\t\t\t<span class=\"elementor-button-content-wrapper\">\n\t\t\t\t\t\t\t\t\t<span class=\"elementor-button-text\">Vapaa psykoanalyysipaikka (koulutushoito), kysy lis\u00e4\u00e4!<\/span>\n\t\t\t\t\t<\/span>\n\t\t\t\t\t<\/a>\n\t\t\t\t\t\t\t\t<\/div>\n\t\t\t\t<div class=\"elementor-element elementor-element-64e847b elementor-widget elementor-widget-button\" data-id=\"64e847b\" data-element_type=\"widget\" data-widget_type=\"button.default\">\n\t\t\t\t\t\t\t\t\t\t<a class=\"elementor-button elementor-button-link elementor-size-sm elementor-animation-grow\" href=\"#yhteydenotto\">\n\t\t\t\t\t\t<span class=\"elementor-button-content-wrapper\">\n\t\t\t\t\t\t\t\t\t<span class=\"elementor-button-text\">Etsitk\u00f6 ty\u00f6nohjaajaa? -kysy lis\u00e4\u00e4!<\/span>\n\t\t\t\t\t<\/span>\n\t\t\t\t\t<\/a>\n\t\t\t\t\t\t\t\t<\/div>\n\t\t\t\t<\/div>\n\t\t\t\t<\/div>\n\t\t\t\t\t<\/div>\n\t\t\t\t<\/div>\n\t\t<div class=\"elementor-element elementor-element-bac38b4 e-flex e-con-boxed e-con e-parent\" data-id=\"bac38b4\" data-element_type=\"container\">\n\t\t\t\t\t<div class=\"e-con-inner\">\n\t\t<div class=\"elementor-element elementor-element-6f657a9 e-con-full e-flex e-con e-child\" data-id=\"6f657a9\" data-element_type=\"container\">\n\t\t\t\t<div class=\"elementor-element elementor-element-7b6bb95 elementor-widget elementor-widget-heading\" data-id=\"7b6bb95\" data-element_type=\"widget\" data-widget_type=\"heading.default\">\n\t\t\t\t\t<h3 class=\"elementor-heading-title elementor-size-default\">Palveluitani<\/h3>\t\t\t\t<\/div>\n\t\t\t\t<div class=\"elementor-element elementor-element-b172b14 elementor-widget elementor-widget-text-editor\" data-id=\"b172b14\" data-element_type=\"widget\" data-widget_type=\"text-editor.default\">\n\t\t\t\t\t\t\t\t\t<p>Tarjoan psykoterapiaa sek\u00e4 lyhyt- ett\u00e4 pitk\u00e4kestoisina hoitoina. Terapiaan on mahdollista saada Kelan tukea 16\u201365-vuotiaille, ja my\u00f6s ty\u00f6terveyshuollon lyhytterapiajaksot onnistuvat ostopalveluna. Lis\u00e4ksi tarjoan konsultaatiok\u00e4yntej\u00e4 erilaisissa el\u00e4m\u00e4nkriiseiss\u00e4 sek\u00e4 ty\u00f6nohjausta terveydenhuollon ammattilaisille.<\/p>\t\t\t\t\t\t\t\t<\/div>\n\t\t\t\t<\/div>\n\t\t\t\t\t<\/div>\n\t\t\t\t<\/div>\n\t\t<div class=\"elementor-element elementor-element-052536d e-flex e-con-boxed e-con e-parent\" data-id=\"052536d\" data-element_type=\"container\" data-settings=\"{&quot;background_background&quot;:&quot;classic&quot;}\">\n\t\t\t\t\t<div class=\"e-con-inner\">\n\t\t\t\t<div class=\"elementor-element elementor-element-dc4e65f elementor-widget elementor-widget-heading\" data-id=\"dc4e65f\" data-element_type=\"widget\" data-widget_type=\"heading.default\">\n\t\t\t\t\t<h3 class=\"elementor-heading-title elementor-size-default\">Psykoanalyyttinen psykoterapia<\/h3>\t\t\t\t<\/div>\n\t\t\t\t\t<\/div>\n\t\t\t\t<\/div>\n\t\t<div class=\"elementor-element elementor-element-d2c4a1d e-flex e-con-boxed e-con e-parent\" data-id=\"d2c4a1d\" data-element_type=\"container\" data-settings=\"{&quot;background_background&quot;:&quot;classic&quot;}\">\n\t\t\t\t\t<div class=\"e-con-inner\">\n\t\t<div class=\"elementor-element elementor-element-b69b82f e-con-full e-flex e-con e-child\" data-id=\"b69b82f\" data-element_type=\"container\" data-settings=\"{&quot;background_background&quot;:&quot;classic&quot;}\">\n\t\t\t\t<div class=\"elementor-element elementor-element-11e54c4 elementor-widget elementor-widget-image\" data-id=\"11e54c4\" data-element_type=\"widget\" data-widget_type=\"image.default\">\n\t\t\t\t\t\t\t\t\t\t\t\t\t\t\t<img decoding=\"async\" width=\"700\" height=\"512\" src=\"https:\/\/psykoterapialithovius.fi\/wp-content\/uploads\/2025\/10\/2vpnpw.jpg\" class=\"attachment-large size-large wp-image-94\" alt=\"\" srcset=\"https:\/\/psykoterapialithovius.fi\/wp-content\/uploads\/2025\/10\/2vpnpw.jpg 700w, https:\/\/psykoterapialithovius.fi\/wp-content\/uploads\/2025\/10\/2vpnpw-300x219.jpg 300w\" sizes=\"(max-width: 700px) 100vw, 700px\" \/>\t\t\t\t\t\t\t\t\t\t\t\t\t\t\t<\/div>\n\t\t\t\t<\/div>\n\t\t<div class=\"elementor-element elementor-element-50cf600 e-con-full e-flex e-con e-child\" data-id=\"50cf600\" data-element_type=\"container\">\n\t\t\t\t<div class=\"elementor-element elementor-element-1647987 elementor-widget elementor-widget-text-editor\" data-id=\"1647987\" data-element_type=\"widget\" data-widget_type=\"text-editor.default\">\n\t\t\t\t\t\t\t\t\t<p data-cqc-f9f528fc=\"c114 c115\" data-cqs-f9f528fc=\"c114 c115\">Psykoterapiasuhde on ainutlaatuinen kahden ihmisen matka, jossa tutkitaan oman el\u00e4m\u00e4n kasvuhistoriasta kumpuavia kipukohtia ja niiden vaikutusta t\u00e4h\u00e4n hetkeen. Psykoterapeuttisessa hoitosuhteessa on mahdollisuus k\u00e4yd\u00e4 l\u00e4pi sietokyvyn ylitt\u00e4neit\u00e4 kokemuksia, joita ei ole voitu ymm\u00e4rt\u00e4\u00e4 ja vastaanottaa tapahtumahetkell\u00e4.<\/p><p data-cqc-f9f528fc=\"c114 c115\" data-cqs-f9f528fc=\"c114 c115\">Ihminen kokee maailmaa kaikilla aisteillaan, joten psyykkinen kuormitus n\u00e4kyy toisinaan ennen kaikkea kehollisina oireina. Psykoanalyyttinen l\u00e4hestymistapa huomioi, miten \u00a0psyykkinen maailma voi tulla tulla esiin tunteiden sijaan erilaisina kipuina ja kehollisina oireina.<\/p><p data-cqc-f9f528fc=\"c114 c115\" data-cqs-f9f528fc=\"c114 c115\">Psykoterapian tavoitteena on itseymm\u00e4rryksen lis\u00e4\u00e4ntyminen, sis\u00e4isen turvallisuuden ja eheyden tunteen lis\u00e4\u00e4ntyminen, mik\u00e4 heijastuu my\u00f6nteisesti itsetuntoon, ihmissuhteisiin ja el\u00e4m\u00e4n valintoihin. Tapaamistiheys on tiiviiss\u00e4 terapiassa tavallisesti 2-3 kertaa viikossa, mutta siit\u00e4 sovitaan yhdess\u00e4. Terapian kesto vaihtelee tarpeiden mukaan, Kelan tukea voi saada kolme vuotta enimmill\u00e4\u00e4n.<\/p>\t\t\t\t\t\t\t\t<\/div>\n\t\t\t\t<\/div>\n\t\t\t\t\t<\/div>\n\t\t\t\t<\/div>\n\t\t<div class=\"elementor-element elementor-element-f6d74aa e-flex e-con-boxed e-con e-parent\" data-id=\"f6d74aa\" data-element_type=\"container\" data-settings=\"{&quot;background_background&quot;:&quot;classic&quot;}\">\n\t\t\t\t\t<div class=\"e-con-inner\">\n\t\t\t\t<div class=\"elementor-element elementor-element-4bfd59d elementor-widget elementor-widget-heading\" data-id=\"4bfd59d\" data-element_type=\"widget\" data-widget_type=\"heading.default\">\n\t\t\t\t\t<h3 class=\"elementor-heading-title elementor-size-default\">Tietoa minusta<\/h3>\t\t\t\t<\/div>\n\t\t\t\t\t<\/div>\n\t\t\t\t<\/div>\n\t\t<div class=\"elementor-element elementor-element-773bc5d e-flex e-con-boxed e-con e-parent\" data-id=\"773bc5d\" data-element_type=\"container\">\n\t\t\t\t\t<div class=\"e-con-inner\">\n\t\t\t\t<div class=\"elementor-element elementor-element-447f423 elementor-widget elementor-widget-text-editor\" data-id=\"447f423\" data-element_type=\"widget\" data-widget_type=\"text-editor.default\">\n\t\t\t\t\t\t\t\t\t<p class=\"wnd-align-left\" data-cqc-4f77a95e=\"c114 c115\" data-cqs-4f77a95e=\"c114 c115\" data-cqc-2fa55b74=\"c114 c115\" data-cqs-2fa55b74=\"c114 c115\" data-cqc-32f183a7=\"c109 c110\" data-cqs-32f183a7=\"c109 c110\">Olen psykologi ja psykoanalyyttinen psykoterapeutti. Ennen omaa vastaanottoa olen ty\u00f6skennellyt julkisen terveydenhuollon piiriss\u00e4 (2013 alkaen) nuorten ja aikuisten parissa psykiatrian poliklinikalla ja osastolla. Psykologiksi valmistuin Turun yliopistosta ja psykoterapeutiksi Helsingiss\u00e4 (Therapeia ja Helsingin yliopisto). Ajankohtaisesti opiskelen psykoanalyytikko-kouluttajapsykoterapeutiksi (Therapeia ja Helsingin yliopisto).<\/p><p>Terapeuttina olen empaattinen ja tilaa antava, sinulla on mahdollisuus tulla n\u00e4hdyksi itsen\u00e4si. Pyrin avoimuuteen ja tasa-arvoisuuteen ihmisyyden moninaisten ilmenemismuotojen ja ilmaisun suhteen.<\/p><p>Ole rohkeasti yhteydess\u00e4 ja kartoitetaan el\u00e4m\u00e4ntilannettasi sek\u00e4 toiveitasi psykoterapian tai avuntarpeesi suhteen.<\/p>\t\t\t\t\t\t\t\t<\/div>\n\t\t\t\t\t<\/div>\n\t\t\t\t<\/div>\n\t\t<div class=\"elementor-element elementor-element-bedf5c0 e-flex e-con-boxed e-con e-parent\" data-id=\"bedf5c0\" data-element_type=\"container\" data-settings=\"{&quot;background_background&quot;:&quot;classic&quot;}\">\n\t\t\t\t\t<div class=\"e-con-inner\">\n\t\t\t\t<div class=\"elementor-element elementor-element-902b7a3 elementor-widget elementor-widget-heading\" data-id=\"902b7a3\" data-element_type=\"widget\" data-widget_type=\"heading.default\">\n\t\t\t\t\t<h3 class=\"elementor-heading-title elementor-size-default\">Ota yhteytt\u00e4<\/h3>\t\t\t\t<\/div>\n\t\t\t\t\t<\/div>\n\t\t\t\t<\/div>\n\t\t<div class=\"elementor-element elementor-element-bf21531 e-flex e-con-boxed e-con e-parent\" data-id=\"bf21531\" data-element_type=\"container\" data-settings=\"{&quot;background_background&quot;:&quot;classic&quot;}\">\n\t\t\t\t\t<div class=\"e-con-inner\">\n\t\t<div class=\"elementor-element elementor-element-40b3ff1 e-con-full e-flex e-con e-child\" data-id=\"40b3ff1\" data-element_type=\"container\">\n\t\t\t\t<div class=\"elementor-element elementor-element-251388a elementor-widget elementor-widget-text-editor\" data-id=\"251388a\" data-element_type=\"widget\" data-widget_type=\"text-editor.default\">\n\t\t\t\t\t\t\t\t\t<p data-cqc-9778a76=\"c114 c115\" data-cqs-9778a76=\"c114 c115\">Puh: <a href=\"tel:+358451306305\">045 1306305<\/a><\/p><p data-cqc-9778a76=\"c114 c115\" data-cqs-9778a76=\"c114 c115\">Sposti: <a href=\"mailto:paula.lithovius@gmail.com\">paula.lithovius@gmail.com<\/a><\/p>\t\t\t\t\t\t\t\t<\/div>\n\t\t<div class=\"elementor-element elementor-element-6c59f24 e-con-full e-flex e-con e-child\" data-id=\"6c59f24\" data-element_type=\"container\">\n\t\t\t\t<div class=\"elementor-element elementor-element-167397c elementor-widget elementor-widget-text-editor\" data-id=\"167397c\" data-element_type=\"widget\" data-widget_type=\"text-editor.default\">\n\t\t\t\t\t\t\t\t\t<p data-cqc-9778a76=\"c114 c115\" data-cqs-9778a76=\"c114 c115\">Varvinkatu 15 B, 28100 Pori<\/p>\t\t\t\t\t\t\t\t<\/div>\n\t\t\t\t<\/div>\n\t\t\t\t<\/div>\n\t\t<div class=\"elementor-element elementor-element-464cb70 e-con-full e-flex e-con e-child\" data-id=\"464cb70\" data-element_type=\"container\">\n\t\t\t\t<div class=\"elementor-element elementor-element-867c6ff elementor-widget elementor-widget-menu-anchor\" data-id=\"867c6ff\" data-element_type=\"widget\" data-widget_type=\"menu-anchor.default\">\n\t\t\t\t\t\t\t<div class=\"elementor-menu-anchor\" id=\"yhteydenotto\"><\/div>\n\t\t\t\t\t\t<\/div>\n\t\t\t\t<div class=\"elementor-element elementor-element-665a0b2 elementor-widget elementor-widget-shortcode\" data-id=\"665a0b2\" data-element_type=\"widget\" data-widget_type=\"shortcode.default\">\n\t\t\t\t\t\t\t<div class=\"elementor-shortcode\"><form id=\"forminator-module-280\" class=\"forminator-custom-form forminator-custom-form-280\" method=\"post\" data-forminator-render=\"0\" data-uid=\"69fb560bc1b07\"><div role=\"alert\" aria-live=\"polite\" class=\"forminator-response-message forminator-error\" aria-hidden=\"true\"><\/div><\/form><\/div>\n\t\t\t\t\t\t<\/div>\n\t\t\t\t<\/div>\n\t\t\t\t\t<\/div>\n\t\t\t\t<\/div>\n\t\t<div class=\"elementor-element elementor-element-ad91e04 e-flex e-con-boxed e-con e-parent\" data-id=\"ad91e04\" data-element_type=\"container\">\n\t\t\t\t\t<div class=\"e-con-inner\">\n\t\t\t\t<div class=\"elementor-element elementor-element-b01aefa elementor-widget elementor-widget-google_maps\" data-id=\"b01aefa\" data-element_type=\"widget\" data-widget_type=\"google_maps.default\">\n\t\t\t\t\t\t\t<div class=\"elementor-custom-embed\">\n\t\t\t<iframe loading=\"lazy\"\n\t\t\t\t\tsrc=\"https:\/\/maps.google.com\/maps?q=Varvinkatu%2015%20B%2C%2028100%20Pori&#038;t=m&#038;z=15&#038;output=embed&#038;iwloc=near\"\n\t\t\t\t\ttitle=\"Varvinkatu 15 B, 28100 Pori\"\n\t\t\t\t\taria-label=\"Varvinkatu 15 B, 28100 Pori\"\n\t\t\t><\/iframe>\n\t\t<\/div>\n\t\t\t\t\t\t<\/div>\n\t\t\t\t\t<\/div>\n\t\t\t\t<\/div>\n\t\t\t\t<\/div>\n\t\t","protected":false},"excerpt":{"rendered":"<p>Psykoterapeutti Paula Lithovius Psykoterapia Psykoterapeutti Paula Lithovius Vapaa psykoterapiapaikka Vapaa psykoanalyysipaikka (koulutushoito), kysy lis\u00e4\u00e4! Etsitk\u00f6 ty\u00f6nohjaajaa? -kysy lis\u00e4\u00e4! Psykoterapia Psykoterapeutti Paula Lithovius Vapaa psykoterapiapaikka Vapaa psykoanalyysipaikka (koulutushoito), kysy lis\u00e4\u00e4! Etsitk\u00f6 ty\u00f6nohjaajaa? -kysy lis\u00e4\u00e4! Palveluitani Tarjoan psykoterapiaa sek\u00e4 lyhyt- ett\u00e4 pitk\u00e4kestoisina hoitoina. Terapiaan on mahdollista saada Kelan tukea 16\u201365-vuotiaille, ja my\u00f6s ty\u00f6terveyshuollon lyhytterapiajaksot onnistuvat ostopalveluna. Lis\u00e4ksi [&hellip;]<\/p>\n","protected":false},"author":1,"featured_media":0,"parent":0,"menu_order":0,"comment_status":"closed","ping_status":"closed","template":"elementor_header_footer","meta":{"footnotes":""},"class_list":["post-24","page","type-page","status-publish","hentry"],"_links":{"self":[{"href":"https:\/\/psykoterapialithovius.fi\/index.php\/wp-json\/wp\/v2\/pages\/24","targetHints":{"allow":["GET"]}}],"collection":[{"href":"https:\/\/psykoterapialithovius.fi\/index.php\/wp-json\/wp\/v2\/pages"}],"about":[{"href":"https:\/\/psykoterapialithovius.fi\/index.php\/wp-json\/wp\/v2\/types\/page"}],"author":[{"embeddable":true,"href":"https:\/\/psykoterapialithovius.fi\/index.php\/wp-json\/wp\/v2\/users\/1"}],"replies":[{"embeddable":true,"href":"https:\/\/psykoterapialithovius.fi\/index.php\/wp-json\/wp\/v2\/comments?post=24"}],"version-history":[{"count":9,"href":"https:\/\/psykoterapialithovius.fi\/index.php\/wp-json\/wp\/v2\/pages\/24\/revisions"}],"predecessor-version":[{"id":296,"href":"https:\/\/psykoterapialithovius.fi\/index.php\/wp-json\/wp\/v2\/pages\/24\/revisions\/296"}],"wp:attachment":[{"href":"https:\/\/psykoterapialithovius.fi\/index.php\/wp-json\/wp\/v2\/media?parent=24"}],"curies":[{"name":"wp","href":"https:\/\/api.w.org\/{rel}","templated":true}]}}